{"id":121,"date":"2021-07-08T18:02:02","date_gmt":"2021-07-08T18:02:02","guid":{"rendered":"https:\/\/www.interep.hu\/?page_id=121"},"modified":"2021-07-20T13:33:08","modified_gmt":"2021-07-20T13:33:08","slug":"cegunkrol","status":"publish","type":"page","link":"https:\/\/www.interep.hu\/?page_id=121","title":{"rendered":"C\u00e9g\u00fcnkr\u0151l"},"content":{"rendered":"<p>[et_pb_section fb_built=&#8221;1&#8243; admin_label=&#8221;About Us&#8221; _builder_version=&#8221;3.22&#8243;][et_pb_row _builder_version=&#8221;3.25&#8243;][et_pb_column type=&#8221;4_4&#8243; _builder_version=&#8221;3.25&#8243; custom_padding=&#8221;|||&#8221; custom_padding__hover=&#8221;|||&#8221;][et_pb_text _builder_version=&#8221;4.9.7&#8243; text_font=&#8221;||||||||&#8221; header_font=&#8221;||||||||&#8221; header_2_font=&#8221;Rubik|700|||||||&#8221; header_2_font_size=&#8221;42px&#8221; header_2_line_height=&#8221;1.2em&#8221; text_orientation=&#8221;center&#8221; module_alignment=&#8221;center&#8221; custom_margin=&#8221;|||&#8221; custom_padding=&#8221;|||&#8221; header_2_font_size_tablet=&#8221;&#8221; header_2_font_size_phone=&#8221;36px&#8221; header_2_font_size_last_edited=&#8221;on|phone&#8221; locked=&#8221;off&#8221;]<\/p>\n<h2>Bemutatkozunk<\/h2>\n<p>[\/et_pb_text][et_pb_divider color=&#8221;#0EA7F9&#8243; divider_position=&#8221;center&#8221; divider_weight=&#8221;5px&#8221; _builder_version=&#8221;4.9.7&#8243; max_width=&#8221;50px&#8221; module_alignment=&#8221;center&#8221; locked=&#8221;off&#8221;][\/et_pb_divider][\/et_pb_column][\/et_pb_row][et_pb_row column_structure=&#8221;1_2,1_2&#8243; _builder_version=&#8221;3.25&#8243;][et_pb_column type=&#8221;1_2&#8243; _builder_version=&#8221;3.25&#8243; custom_padding=&#8221;|||&#8221; custom_padding__hover=&#8221;|||&#8221;][et_pb_text _builder_version=&#8221;4.9.7&#8243; text_font=&#8221;||||||||&#8221; text_font_size=&#8221;15px&#8221; text_line_height=&#8221;1.8em&#8221; custom_padding=&#8221;|||&#8221; custom_padding_tablet=&#8221;|40px||40px||true&#8221; custom_padding_last_edited=&#8221;off|desktop&#8221;]<\/p>\n<p>Az INTER\u00c9P 2000 \u00c9p\u00edt\u0151anyag Keresked\u0151h\u00e1z Kft. 1995-ben alakult.<br \/>Alap\u00edt\u00f3ink k\u00f6z\u00f6tt volt a Magyar \u00c9p\u00edt\u0151 Rt. \u00e9s a K\u00f6z\u00e9p\u00fclet\u00e9p\u00edt\u0151 Rt. is. Alapvet\u0151en a c\u00e9g tev\u00e9kenys\u00e9ge k\u00f6zpontos\u00edtott anyag beszerz\u00e9s volt c\u00e9lir\u00e1nyosan a tulajdonosi k\u00f6r \u00e1ltal elnyert munk\u00e1khoz. A legnagyobb magyarorsz\u00e1gi \u00e9p\u00edt\u0151anyag gy\u00e1rt\u00f3kkal k\u00f6t\u00f6tt\u00fcnk egy\u00fcttm\u0171k\u00f6d\u00e9si meg\u00e1llapod\u00e1sokat, \u00e9s az \u00f6sszevont volumenek alapj\u00e1n \u00e9ves keretszerz\u0151d\u00e9seket k\u00f6t\u00f6tt\u00fcnk. A 2000-es \u00e9vek elej\u00e9n \u00fajabb ig\u00e9ny keletkezett a piacon, kivitelez\u0151i kapacit\u00e1ssal \u00f6sszek\u00f6tve nemcsak anyagsz\u00e1ll\u00edt\u00f3i, hanem kivitelez\u0151i szerz\u0151d\u00e9seket is k\u00f6t\u00f6tt\u00fcnk alv\u00e1llalkoz\u00f3k bevon\u00e1s\u00e1val, illetve k\u00fcls\u0151 piacokon is elkezdt\u00fcnk tev\u00e9kenykedni. <br \/>2003-ban a tulajdonost\u00e1rsak kiv\u00e1s\u00e1rl\u00e1sa megt\u00f6rt\u00e9nt, \u00edgy 2004-ben a c\u00e9g teljes m\u00e9rt\u00e9kben csal\u00e1di v\u00e1llalkoz\u00e1ss\u00e1 alakult.<\/p>\n<p>A c\u00e9g t\u00f6rzst\u0151k\u00e9je 14,0 milli\u00f3 forint, \u00e1tlagos \u00e9ves nett\u00f3 \u00e1rbev\u00e9tele kor\u00e1bban 500 milli\u00f3 forint. 2012-t\u0151l az \u00e1r bev\u00e9tel\u00fcnk els\u0151sorban k\u00f6zbeszerz\u00e9si elj\u00e1r\u00e1s keret\u00e9ben ( kiz\u00e1r\u00f3lag \u00e1llami p\u00e1ly\u00e1zatokon \u00e9s megrendel\u0151kkel ) elnyert gener\u00e1l kivitelez\u00e9si munk\u00e1kb\u00f3l tev\u0151d\u00f6tt \u00f6ssze. Az elm\u00falt \u00e9vek sikeres fejl\u0151d\u00e9se miatt a 2016-os \u00e9v m\u00e1r k\u00f6zel 1,3 milli\u00e1rd forint lett. 2017-ben el\u00e9rt\u00fck a 2,7 milli\u00e1rd forintos \u00e1rbev\u00e9telt. C\u00e9g\u00fcnk eredm\u00e9nytartal\u00e9ka \u00e9s alapt\u0151k\u00e9je egy\u00fcttesen el\u00e9ri a 100 milli\u00f3 forintot.<br \/>F\u0151 tev\u00e9kenys\u00e9g a gener\u00e1l kivitelez\u00e9s, projekt szervez\u00e9s \u00e9s bonyol\u00edt\u00e1s. Legnagyobb munk\u00e1nk 2017-ben a FINA vizes vil\u00e1gbajnoks\u00e1g Elektromos h\u00e1tt\u00e9rszolg\u00e1ltat\u00e1sa volt, melynek \u00e9rt\u00e9ke brutt\u00f3 2,4 milli\u00e1rd forint. Emellett gener\u00e1l kivitelez\u00e9sek, sportp\u00e1ly\u00e1k kivitelez\u00e9se, irod\u00e1k, gy\u00f3gy\u00e1szati l\u00e9tes\u00edtm\u00e9nyek \u00e9s bankfi\u00f3k kialak\u00edt\u00e1si-\u00e1talak\u00edt\u00e1si szakipari munk\u00e1k ( bels\u0151\u00e9p\u00edt\u00e9szeti tervez\u00e9ssel is ). F\u0151bb megrendel\u0151ink NAV, Honv\u00e9delmi Miniszt\u00e9rium, F\u0151t\u00e1v Zrt, HMEI Zrt, V\u00e9delemgazdas\u00e1gi Hivatal, Terrorelh\u00e1r\u00edt\u00e1si K\u00f6zpont, Nemzeti Filmint\u00e9zet.<\/p>\n<p>[\/et_pb_text][\/et_pb_column][et_pb_column type=&#8221;1_2&#8243; _builder_version=&#8221;3.25&#8243; custom_padding=&#8221;|||&#8221; custom_padding__hover=&#8221;|||&#8221;][et_pb_text _builder_version=&#8221;4.9.7&#8243; text_font=&#8221;||||||||&#8221; text_font_size=&#8221;15px&#8221; text_line_height=&#8221;1.8em&#8221; custom_padding=&#8221;|||&#8221; custom_padding_tablet=&#8221;|40px||40px||true&#8221; custom_padding_last_edited=&#8221;off|desktop&#8221; locked=&#8221;off&#8221;]<\/p>\n<p>C\u00e9g\u00fcnk tulajdonosi strukt\u00far\u00e1j\u00e1t is \u00e1talak\u00edtottuk a racionaliz\u00e1l\u00e1s, \u00e1tl\u00e1that\u00f3s\u00e1g, gazdas\u00e1goss\u00e1g jegy\u00e9ben. L\u00e9trehoztunk egy holding h\u00e1l\u00f3zatot, \u00e9s az Inter\u00e9p 2000 Kft. 100 %-ban ennek tulajdona.<\/p>\n<p>2017-ben kiszervezt\u00fck egy \u00faj le\u00e1ny v\u00e1llalatunkba a <a href=\"https:\/\/samvittrade.hu\">Samvit Trade Kft<\/a>-be az \u00e9p\u00edt\u0151anyag nagykereskedelmet, minden kor\u00e1bbi besz\u00e1ll\u00edt\u00f3nk keretszerz\u0151d\u00e9s\u00e9t az \u00faj keresked\u0151h\u00e1z \u00e1tvette.<br \/>2019-ben megalap\u00edtottuk a <a href=\"https:\/\/www.verticalempire.hu\" target=\"_blank\" rel=\"noopener\">Vertical Empire Kft<\/a>-t, melynek f\u0151 tev\u00e9kenys\u00e9ge ipari alpintechnikai munk\u00e1k v\u00e9gz\u00e9se.<\/p>\n<p>Fedett \u00e9s nyitott rakt\u00e1rter\u00fcletekkel is rendelkez\u00fcnk, \u00edgy ak\u00e1r egy napon bel\u00fcl is k\u00e9pesek vagyunk sz\u00e1ll\u00edtani saj\u00e1t fuvareszk\u00f6z\u00f6kkel.<br \/>C\u00e9g\u00fcnk rendelkezik az ISO 9001:2000 min\u0151s\u00edt\u00e9ssel \u00e9s 200 milli\u00f3 forintig \u00c9pszer felel\u0151ss\u00e9g biztos\u00edt\u00e1ssal. 2015 \u00f3ta min\u0151s\u00edtett NATO hivatalos besz\u00e1ll\u00edt\u00f3k vagyunk.<\/p>\n<p>Referenciamunk\u00e1ink az \u00e9rdekl\u0151d\u0151ket meggy\u0151zhetik arr\u00f3l, hogy nemcsak projekt bonyol\u00edt\u00e1sban, hanem \u00e9p\u00edt\u00e9sben, fel\u00faj\u00edt\u00e1sban, iroda kialak\u00edt\u00e1s \u00e9s \u00e1talak\u00edt\u00e1sban, sportp\u00e1ly\u00e1k (k\u00fcl- \u00e9s belt\u00e9ri) kivitelez\u00e9sben, hideg- \u00e9s meleg burkol\u00e1sban, bels\u0151\u00e9p\u00edt\u00e9szeti kivitelez\u00e9s\u00e9ben, sz\u00e1raz\u00e9p\u00edt\u00e9szetben, f\u00f6d\u00e9mszigetel\u00e9sben, speci\u00e1lis akusztikai szigetel\u00e9sekben a legmagasabb min\u0151s\u00e9gi k\u00f6vetelm\u00e9nyeknek is megfelel\u0151 munk\u00e1t tudunk v\u00e9gezni. A nagy projektek mellett a referenci\u00e1ban szerepl\u0151 t\u00e1rsash\u00e1zakat \u00e9s csal\u00e1di h\u00e1zakat gener\u00e1l-kivitelez\u00e9s form\u00e1j\u00e1ban magunk \u00e9p\u00edtett\u00fck.<\/p>\n<p>[\/et_pb_text][\/et_pb_column][\/et_pb_row][\/et_pb_section]<\/p>\n","protected":false},"excerpt":{"rendered":"<p>BemutatkozunkAz INTER\u00c9P 2000 \u00c9p\u00edt\u0151anyag Keresked\u0151h\u00e1z Kft. 1995-ben alakult.Alap\u00edt\u00f3ink k\u00f6z\u00f6tt volt a Magyar \u00c9p\u00edt\u0151 Rt. \u00e9s a K\u00f6z\u00e9p\u00fclet\u00e9p\u00edt\u0151 Rt. is. Alapvet\u0151en a c\u00e9g tev\u00e9kenys\u00e9ge k\u00f6zpontos\u00edtott anyag beszerz\u00e9s volt c\u00e9lir\u00e1nyosan a tulajdonosi k\u00f6r \u00e1ltal elnyert munk\u00e1khoz. A legnagyobb magyarorsz\u00e1gi \u00e9p\u00edt\u0151anyag gy\u00e1rt\u00f3kkal k\u00f6t\u00f6tt\u00fcnk egy\u00fcttm\u0171k\u00f6d\u00e9si meg\u00e1llapod\u00e1sokat, \u00e9s az \u00f6sszevont volumenek alapj\u00e1n \u00e9ves keretszerz\u0151d\u00e9seket k\u00f6t\u00f6tt\u00fcnk. A 2000-es \u00e9vek elej\u00e9n \u00fajabb [&hellip;]<\/p>\n","protected":false},"author":1,"featured_media":0,"parent":0,"menu_order":0,"comment_status":"closed","ping_status":"closed","template":"","meta":{"_et_pb_use_builder":"on","_et_pb_old_content":"","_et_gb_content_width":"","footnotes":""},"_links":{"self":[{"href":"https:\/\/www.interep.hu\/index.php?rest_route=\/wp\/v2\/pages\/121"}],"collection":[{"href":"https:\/\/www.interep.hu\/index.php?rest_route=\/wp\/v2\/pages"}],"about":[{"href":"https:\/\/www.interep.hu\/index.php?rest_route=\/wp\/v2\/types\/page"}],"author":[{"embeddable":true,"href":"https:\/\/www.interep.hu\/index.php?rest_route=\/wp\/v2\/users\/1"}],"replies":[{"embeddable":true,"href":"https:\/\/www.interep.hu\/index.php?rest_route=%2Fwp%2Fv2%2Fcomments&post=121"}],"version-history":[{"count":9,"href":"https:\/\/www.interep.hu\/index.php?rest_route=\/wp\/v2\/pages\/121\/revisions"}],"predecessor-version":[{"id":357,"href":"https:\/\/www.interep.hu\/index.php?rest_route=\/wp\/v2\/pages\/121\/revisions\/357"}],"wp:attachment":[{"href":"https:\/\/www.interep.hu\/index.php?rest_route=%2Fwp%2Fv2%2Fmedia&parent=121"}],"curies":[{"name":"wp","href":"https:\/\/api.w.org\/{rel}","templated":true}]}}